{"id":45552,"date":"2021-04-14T22:19:26","date_gmt":"2021-04-14T20:35:15","guid":{"rendered":"https:\/\/enotecadipiazza.com\/prodotto\/puiatti-sauvignon-archetipi-venezia-giulia-igp-2016\/"},"modified":"2023-05-19T17:17:35","modified_gmt":"2023-05-19T15:17:35","slug":"puiatti-sauvignon-archetipi-venezia-giulia-igp-2016","status":"publish","type":"product","link":"https:\/\/wineclub.enotecadipiazza.com\/en\/prodotto\/puiatti-sauvignon-archetipi-venezia-giulia-igp-2016\/","title":{"rendered":"Puiatti Sauvignon Arch\u00e8tipi Venezia Giulia Igp 2016"},"content":{"rendered":"<p>The word arch\u00e8tipo derives from the Greek arch\u00e9 (original), tipos (model, brand, sample), what compared to known codes is more faithful to the known original. archetypes Sauvignon is an original and primitive example of how it should be a Friulian Sauvignon wine.<\/p>\n","protected":false},"excerpt":{"rendered":"<p>The word arch\u00e8tipo derives from the Greek arch\u00e9 (original), tipos (model, brand, sample), what compared to known codes is more<\/p>\n","protected":false},"featured_media":39266,"comment_status":"open","ping_status":"closed","template":"","meta":{"_import_markdown_pro_load_document_selector":0,"_import_markdown_pro_submit_text_textarea":""},"product_cat":[715],"product_tag":[1134],"acf":[],"_links":{"self":[{"href":"https:\/\/wineclub.enotecadipiazza.com\/en\/wp-json\/wp\/v2\/product\/45552"}],"collection":[{"href":"https:\/\/wineclub.enotecadipiazza.com\/en\/wp-json\/wp\/v2\/product"}],"about":[{"href":"https:\/\/wineclub.enotecadipiazza.com\/en\/wp-json\/wp\/v2\/types\/product"}],"replies":[{"embeddable":true,"href":"https:\/\/wineclub.enotecadipiazza.com\/en\/wp-json\/wp\/v2\/comments?post=45552"}],"version-history":[{"count":0,"href":"https:\/\/wineclub.enotecadipiazza.com\/en\/wp-json\/wp\/v2\/product\/45552\/revisions"}],"wp:featuredmedia":[{"embeddable":true,"href":"https:\/\/wineclub.enotecadipiazza.com\/en\/wp-json\/wp\/v2\/media\/39266"}],"wp:attachment":[{"href":"https:\/\/wineclub.enotecadipiazza.com\/en\/wp-json\/wp\/v2\/media?parent=45552"}],"wp:term":[{"taxonomy":"product_cat","embeddable":true,"href":"https:\/\/wineclub.enotecadipiazza.com\/en\/wp-json\/wp\/v2\/product_cat?post=45552"},{"taxonomy":"product_tag","embeddable":true,"href":"https:\/\/wineclub.enotecadipiazza.com\/en\/wp-json\/wp\/v2\/product_tag?post=45552"}],"curies":[{"name":"wp","href":"https:\/\/api.w.org\/{rel}","templated":true}]}}